{"id":4175,"date":"2014-09-01T15:38:12","date_gmt":"2014-09-01T13:38:12","guid":{"rendered":"https:\/\/www.emwea.de\/references"},"modified":"2024-09-01T15:07:10","modified_gmt":"2024-09-01T13:07:10","slug":"references","status":"publish","type":"page","link":"https:\/\/www.emwea.de\/en\/references","title":{"rendered":"References"},"content":{"rendered":"<h3>Excerpt from our reference list<\/h3>\n<p>A small selection of our customers:<\/p>\n<div class=\"box\">\n<h3>Raw materials, minerals<\/h3>\n<p style=\"padding-left: 30px;\">Abacexi (Portugal)<br \/>\nAmbatovy Minerals (Madagascar)<br \/>\nCiech Group (Germany)<br \/>\nContamex (Germany)<br \/>\nCREATON (Germany)<br \/>\nCronenberger Steinindustrie (Germany)<br \/>\nDB Bahnbau Group (Germany)<br \/>\nDresdner Transport Group (Germany)<br \/>\nEurasian Resources Group (Kazakhstan)<br \/>\nFormosa (Vietnam)<br \/>\nJuchem &amp; S\u00f6hne (Germany)<br \/>\nH\u00e9\u00f0inn (Iceland)<br \/>\nKEMNA Bau (Germany)<br \/>\nKRONOSPAN (Germany, Hungary)<br \/>\nKRONOS TITAN (Germany)<br \/>\nMA&#8217;ADEN Saudi Arabian Mining (Saudi Arabia)<br \/>\nOTTO D\u00d6RNER (Germany)<br \/>\nPittsburgh Corning Europe (Czech Republic)<br \/>\nUSB Service (Germany)<br \/>\nVinacomin (Vietnam)<br \/>\nvoestalpine (Austria)<br \/>\n&nbsp;<\/p>\n<\/div>\n<div class=\"box clr\">\n<h3>Food, pharmaceuticals, tobacco<\/h3>\n<p style=\"padding-left: 30px;\">agrarfrost Germany (Germany)<br \/>\nAppel Feinkost (Germany)<br \/>\nARYZTA Bakeries (Germany)<br \/>\nContinental Bakeries (Germany)<br \/>\nEisb\u00e4r Eis (Germany)<br \/>\nErfurter Teigwaren (Germany)<br \/>\nFreiberger Group (Germany)<br \/>\nHenglein (Germany)<br \/>\nHarry-Brot (Germany)<br \/>\nIntersnack (Netherlands)<br \/>\nKirsch Pharma HealthCare (Germany)<br \/>\nK\u00f6lln (Germany)<br \/>\nLambertz (Germany)<br \/>\nLorenz Snack-World (Germany)<br \/>\nManner (Austria)<br \/>\nmymuesli (Germany)<br \/>\nReemtsma Cigarettenfabriken (Germany)<br \/>\nSalzburgMilch (Austria)<br \/>\nStollwerck (Germany)<br \/>\nSTORCK (Germany)<br \/>\nS\u00fcdzucker (Germany)<br \/>\n&nbsp;<\/p>\n<\/div>\n<div class=\"box\">\n<h3>Mechanical engineering<\/h3>\n<p style=\"padding-left: 30px;\">ANUBIS (South Africa)<br \/>\nEfacec (Portugal)<br \/>\nIngeteam (Czech Republic)<br \/>\nKenware Solution (Mongolia)<br \/>\nKOCH Solutions (Germany)<br \/>\nMaxindo (Indonesia)<br \/>\nMBN Maschinenbau (Germany)<br \/>\nOptimum Services (Egypt)<br \/>\nSchnaithmann Maschinenbau (Germany)<br \/>\nSiemens (Germany)<br \/>\nThyssenKrupp (Germany)<br \/>\nTriSystems Engineering (Malaysia)<br \/>\nTTS Transportation Technology Systems (Latvia)<br \/>\n&nbsp;<\/p>\n<\/div>\n<div class=\"box clr\">\n<h3>Automotive<\/h3>\n<p style=\"padding-left: 30px;\">BMW (Germany)<br \/>\nDaimler (Germany)<br \/>\nMagna Steyr (Germany)<br \/>\nMDC Power (Germany)<br \/>\nPorsche (Germany)<br \/>\nSAMAG Group (Germany)<br \/>\nVW (Germany)<br \/>\n&nbsp;<br \/>\n&nbsp;<br \/>\n&nbsp;<br \/>\n&nbsp;<br \/>\n&nbsp;<br \/>\n&nbsp;<br \/>\n&nbsp;<\/p>\n<\/div>\n","protected":false},"excerpt":{"rendered":"<p>Excerpt from our reference list A small selection of our customers: Raw materials, minerals Abacexi (Portugal) Ambatovy Minerals (Madagascar) Ciech Group (Germany) Contamex (Germany) CREATON (Germany) Cronenberger Steinindustrie (Germany) DB Bahnbau Group (Germany) Dresdner Transport Group (Germany) Eurasian Resources Group (Kazakhstan) Formosa (Vietnam) Juchem &amp; S\u00f6hne (Germany) H\u00e9\u00f0inn (Iceland) KEMNA Bau (Germany) KRONOSPAN (Germany, Hungary) [&hellip;]<\/p>\n","protected":false},"author":1,"featured_media":0,"parent":0,"menu_order":4,"comment_status":"open","ping_status":"closed","template":"","meta":{"ngg_post_thumbnail":0,"footnotes":""},"class_list":["post-4175","page","type-page","status-publish","hentry"],"yoast_head":"<!-- This site is optimized with the Yoast SEO plugin v27.4 - https:\/\/yoast.com\/product\/yoast-seo-wordpress\/ -->\n<title>References &#8226; EmWeA<\/title>\n<meta name=\"description\" content=\"Excerpt from our reference list: a small selection of our customers.\" \/>\n<meta name=\"robots\" content=\"index, follow, max-snippet:-1, max-image-preview:large, max-video-preview:-1\" \/>\n<link rel=\"canonical\" href=\"https:\/\/www.emwea.de\/en\/references\" \/>\n<meta property=\"og:locale\" content=\"en_US\" \/>\n<meta property=\"og:type\" content=\"article\" \/>\n<meta property=\"og:title\" content=\"References &#8226; EmWeA\" \/>\n<meta property=\"og:description\" content=\"Excerpt from our reference list: a small selection of our customers.\" \/>\n<meta property=\"og:url\" content=\"https:\/\/www.emwea.de\/en\/references\" \/>\n<meta property=\"og:site_name\" content=\"EmWeA\" \/>\n<meta property=\"article:modified_time\" content=\"2024-09-01T13:07:10+00:00\" \/>\n<meta property=\"og:image\" content=\"https:\/\/i0.wp.com\/www.emwea.de\/wp-content\/uploads\/homescreen.png?fit=1137%2C544&ssl=1\" \/>\n\t<meta property=\"og:image:width\" content=\"1137\" \/>\n\t<meta property=\"og:image:height\" content=\"544\" \/>\n\t<meta property=\"og:image:type\" content=\"image\/png\" \/>\n<meta name=\"twitter:label1\" content=\"Est. reading time\" \/>\n\t<meta name=\"twitter:data1\" content=\"1 minute\" \/>\n<script type=\"application\/ld+json\" class=\"yoast-schema-graph\">{\"@context\":\"https:\\\/\\\/schema.org\",\"@graph\":[{\"@type\":\"WebPage\",\"@id\":\"https:\\\/\\\/www.emwea.de\\\/en\\\/references\",\"url\":\"https:\\\/\\\/www.emwea.de\\\/en\\\/references\",\"name\":\"References &#8226; EmWeA\",\"isPartOf\":{\"@id\":\"https:\\\/\\\/www.emwea.de\\\/en#website\"},\"datePublished\":\"2014-09-01T13:38:12+00:00\",\"dateModified\":\"2024-09-01T13:07:10+00:00\",\"description\":\"Excerpt from our reference list: a small selection of our customers.\",\"breadcrumb\":{\"@id\":\"https:\\\/\\\/www.emwea.de\\\/en\\\/references#breadcrumb\"},\"inLanguage\":\"en-US\",\"potentialAction\":[{\"@type\":\"ReadAction\",\"target\":[\"https:\\\/\\\/www.emwea.de\\\/en\\\/references\"]}]},{\"@type\":\"BreadcrumbList\",\"@id\":\"https:\\\/\\\/www.emwea.de\\\/en\\\/references#breadcrumb\",\"itemListElement\":[{\"@type\":\"ListItem\",\"position\":1,\"name\":\"Home\",\"item\":\"https:\\\/\\\/www.emwea.de\\\/en\\\/measurement-technology-from-emwea-we-love-sensors\"},{\"@type\":\"ListItem\",\"position\":2,\"name\":\"References\"}]},{\"@type\":\"WebSite\",\"@id\":\"https:\\\/\\\/www.emwea.de\\\/en#website\",\"url\":\"https:\\\/\\\/www.emwea.de\\\/en\",\"name\":\"EmWeA\",\"description\":\"We love sensors.\",\"publisher\":{\"@id\":\"https:\\\/\\\/www.emwea.de\\\/en#organization\"},\"potentialAction\":[{\"@type\":\"SearchAction\",\"target\":{\"@type\":\"EntryPoint\",\"urlTemplate\":\"https:\\\/\\\/www.emwea.de\\\/en?s={search_term_string}\"},\"query-input\":{\"@type\":\"PropertyValueSpecification\",\"valueRequired\":true,\"valueName\":\"search_term_string\"}}],\"inLanguage\":\"en-US\"},{\"@type\":\"Organization\",\"@id\":\"https:\\\/\\\/www.emwea.de\\\/en#organization\",\"name\":\"EmWeA Prozessmesstechnik e.K.\",\"alternateName\":\"EmWeA\",\"url\":\"https:\\\/\\\/www.emwea.de\\\/en\",\"logo\":{\"@type\":\"ImageObject\",\"inLanguage\":\"en-US\",\"@id\":\"https:\\\/\\\/www.emwea.de\\\/en#\\\/schema\\\/logo\\\/image\\\/\",\"url\":\"https:\\\/\\\/i0.wp.com\\\/www.emwea.de\\\/wp-content\\\/uploads\\\/emwea-logo-1.png?fit=6189%2C2180&ssl=1\",\"contentUrl\":\"https:\\\/\\\/i0.wp.com\\\/www.emwea.de\\\/wp-content\\\/uploads\\\/emwea-logo-1.png?fit=6189%2C2180&ssl=1\",\"width\":6189,\"height\":2180,\"caption\":\"EmWeA Prozessmesstechnik e.K.\"},\"image\":{\"@id\":\"https:\\\/\\\/www.emwea.de\\\/en#\\\/schema\\\/logo\\\/image\\\/\"}}]}<\/script>\n<!-- \/ Yoast SEO plugin. -->","yoast_head_json":{"title":"References &#8226; EmWeA","description":"Excerpt from our reference list: a small selection of our customers.","robots":{"index":"index","follow":"follow","max-snippet":"max-snippet:-1","max-image-preview":"max-image-preview:large","max-video-preview":"max-video-preview:-1"},"canonical":"https:\/\/www.emwea.de\/en\/references","og_locale":"en_US","og_type":"article","og_title":"References &#8226; EmWeA","og_description":"Excerpt from our reference list: a small selection of our customers.","og_url":"https:\/\/www.emwea.de\/en\/references","og_site_name":"EmWeA","article_modified_time":"2024-09-01T13:07:10+00:00","og_image":[{"width":1137,"height":544,"url":"https:\/\/i0.wp.com\/www.emwea.de\/wp-content\/uploads\/homescreen.png?fit=1137%2C544&ssl=1","type":"image\/png"}],"twitter_misc":{"Est. reading time":"1 minute"},"schema":{"@context":"https:\/\/schema.org","@graph":[{"@type":"WebPage","@id":"https:\/\/www.emwea.de\/en\/references","url":"https:\/\/www.emwea.de\/en\/references","name":"References &#8226; EmWeA","isPartOf":{"@id":"https:\/\/www.emwea.de\/en#website"},"datePublished":"2014-09-01T13:38:12+00:00","dateModified":"2024-09-01T13:07:10+00:00","description":"Excerpt from our reference list: a small selection of our customers.","breadcrumb":{"@id":"https:\/\/www.emwea.de\/en\/references#breadcrumb"},"inLanguage":"en-US","potentialAction":[{"@type":"ReadAction","target":["https:\/\/www.emwea.de\/en\/references"]}]},{"@type":"BreadcrumbList","@id":"https:\/\/www.emwea.de\/en\/references#breadcrumb","itemListElement":[{"@type":"ListItem","position":1,"name":"Home","item":"https:\/\/www.emwea.de\/en\/measurement-technology-from-emwea-we-love-sensors"},{"@type":"ListItem","position":2,"name":"References"}]},{"@type":"WebSite","@id":"https:\/\/www.emwea.de\/en#website","url":"https:\/\/www.emwea.de\/en","name":"EmWeA","description":"We love sensors.","publisher":{"@id":"https:\/\/www.emwea.de\/en#organization"},"potentialAction":[{"@type":"SearchAction","target":{"@type":"EntryPoint","urlTemplate":"https:\/\/www.emwea.de\/en?s={search_term_string}"},"query-input":{"@type":"PropertyValueSpecification","valueRequired":true,"valueName":"search_term_string"}}],"inLanguage":"en-US"},{"@type":"Organization","@id":"https:\/\/www.emwea.de\/en#organization","name":"EmWeA Prozessmesstechnik e.K.","alternateName":"EmWeA","url":"https:\/\/www.emwea.de\/en","logo":{"@type":"ImageObject","inLanguage":"en-US","@id":"https:\/\/www.emwea.de\/en#\/schema\/logo\/image\/","url":"https:\/\/i0.wp.com\/www.emwea.de\/wp-content\/uploads\/emwea-logo-1.png?fit=6189%2C2180&ssl=1","contentUrl":"https:\/\/i0.wp.com\/www.emwea.de\/wp-content\/uploads\/emwea-logo-1.png?fit=6189%2C2180&ssl=1","width":6189,"height":2180,"caption":"EmWeA Prozessmesstechnik e.K."},"image":{"@id":"https:\/\/www.emwea.de\/en#\/schema\/logo\/image\/"}}]}},"jetpack_sharing_enabled":true,"_links":{"self":[{"href":"https:\/\/www.emwea.de\/en\/wp-json\/wp\/v2\/pages\/4175","targetHints":{"allow":["GET"]}}],"collection":[{"href":"https:\/\/www.emwea.de\/en\/wp-json\/wp\/v2\/pages"}],"about":[{"href":"https:\/\/www.emwea.de\/en\/wp-json\/wp\/v2\/types\/page"}],"author":[{"embeddable":true,"href":"https:\/\/www.emwea.de\/en\/wp-json\/wp\/v2\/users\/1"}],"replies":[{"embeddable":true,"href":"https:\/\/www.emwea.de\/en\/wp-json\/wp\/v2\/comments?post=4175"}],"version-history":[{"count":7,"href":"https:\/\/www.emwea.de\/en\/wp-json\/wp\/v2\/pages\/4175\/revisions"}],"predecessor-version":[{"id":4324,"href":"https:\/\/www.emwea.de\/en\/wp-json\/wp\/v2\/pages\/4175\/revisions\/4324"}],"wp:attachment":[{"href":"https:\/\/www.emwea.de\/en\/wp-json\/wp\/v2\/media?parent=4175"}],"curies":[{"name":"wp","href":"https:\/\/api.w.org\/{rel}","templated":true}]}}