{"id":4214,"date":"2015-01-27T20:43:35","date_gmt":"2015-01-27T19:43:35","guid":{"rendered":"https:\/\/www.emwea.de\/products\/bulk-flow-measurement"},"modified":"2025-05-29T15:26:45","modified_gmt":"2025-05-29T13:26:45","slug":"bulk-flow-measurement","status":"publish","type":"page","link":"https:\/\/www.emwea.de\/en\/products\/bulk-flow-measurement","title":{"rendered":"Solids flow measurement"},"content":{"rendered":"<h3>Solids flow detectors | Solids flow indicators | Solids flow meters<\/h3>\n<p>Solids flow detectors detect whether bulk materials are moving or not. A slids flow indicator also determines a flow trend. Solids flow meters record the flow rate in the pipe or in free-fall applications.  <\/p>\n<p>EmWeA solids flow detectors and meters use the latest technology to ensure the best accuracy and stability &#8211; regardless of process or product fluctuations.<\/p>\n<p style=\"margin-bottom:20px;\">We have the following solids flow meters on offer:<\/p>\n<div class=\"productdetail begin\"><img data-recalc-dims=\"1\" loading=\"lazy\" decoding=\"async\" class=\"alignnone size-full wp-image-92\" src=\"https:\/\/i0.wp.com\/www.emwea.de\/img\/solids-flow-detector-flow-no-flow-20250529.jpg?resize=200%2C177&#038;ssl=1\" alt=\"Solids flow detector FlowNoFlow\" width=\"200\" height=\"177\"><\/p>\n<h3>Solids flow detector FlowNoFlow<\/h3>\n<p>The FlowNoFlow solids flow detector is a microwave sensor that has been specially developed for the detection of free-falling or pneumatically conveyed bulk materials. This solids flow detector enables the bulk solids industry to monitor their product flows continuously and reliably (product flow or no product flow). <\/p>\n<div class=\"productnavi\"><a href=\"https:\/\/www.emwea.de\/doc\/EmWeA-Solids-Flow-Detector-Flow-No-Flow-EN.pdf\" target=\"_blank\" rel=\"noopener noreferrer\">Data sheet (PDF)<\/a><a href=\"https:\/\/www.emwea.de\/doc\/EmWeA-FLOW-Application-Form-EN.pdf\" target=\"_blank\" rel=\"noopener noreferrer\">Application questionnaire (PDF)<\/a><a class=\"anfrage\" href=\"https:\/\/www.emwea.de\/kontakt\">Quotation<\/a><\/div>\n<\/div>\n<div class=\"productdetail\"><img data-recalc-dims=\"1\" loading=\"lazy\" decoding=\"async\" class=\"alignnone size-full wp-image-92\" src=\"https:\/\/i0.wp.com\/www.emwea.de\/img\/solids-flow-indicator-trend-flow-20250529.jpg?resize=200%2C177&#038;ssl=1\" alt=\"TrendFlow solids flow indicator\" width=\"200\" height=\"177\"><\/p>\n<h3>TrendFlow solids flow indicator<\/h3>\n<p>The TrendFlow solids flow indicator also continuously and reliably determines the throughput trend (flow rate low &#8230; high).<\/p>\n<div class=\"productnavi\"><a href=\"https:\/\/www.emwea.de\/doc\/EmWeA-FLOW-Application-Form-EN.pdf\" target=\"_blank\" rel=\"noopener noreferrer\">Application questionnaire (PDF)<\/a><a class=\"anfrage\" href=\"https:\/\/www.emwea.de\/kontakt\">Quotation<\/a><\/div>\n<\/div>\n<div class=\"productdetail bordernone\"><img data-recalc-dims=\"1\" loading=\"lazy\" decoding=\"async\" class=\"alignnone size-full wp-image-92\" src=\"https:\/\/i0.wp.com\/www.emwea.de\/img\/solids-flow-meter-dynamic-flow-20250529.jpg?resize=200%2C177&#038;ssl=1\" alt=\"Solids flow meter DynamicFlow\" width=\"200\" height=\"177\"><\/p>\n<h3>Solids flow meter DynamicFlow<\/h3>\n<p>The DynamicFlow solids flow meter, which was specially developed for measuring free-falling or pneumatically conveyed bulk materials, enables continuous and reliable measurement of the conveying capacity with determination of the total quantity.<\/p>\n<div class=\"productnavi\"><a href=\"https:\/\/www.emwea.de\/doc\/EmWeA-Solids-Flow-Meter-Dynamic-Flow-EN.pdf\" target=\"_blank\" rel=\"noopener noreferrer\">Data sheet (PDF)<\/a><a href=\"https:\/\/www.emwea.de\/doc\/EmWeA-FLOW-Application-Form-EN.pdf\" target=\"_blank\" rel=\"noopener noreferrer\">Application questionnaire (PDF)<\/a><a class=\"anfrage\" href=\"https:\/\/www.emwea.de\/kontakt\">Quotation<\/a><\/div>\n<\/div>\n<h2 id=\"tablepress-7-name\" class=\"tablepress-table-name tablepress-table-name-id-7\"><h3>Prinzip der Mikrowellen-Sch\u00fcttstrommessung<\/h3><\/h2>\n\n<table id=\"tablepress-7\" class=\"tablepress tablepress-id-7\" aria-labelledby=\"tablepress-7-name\">\n<tbody>\n<tr class=\"row-1\">\n\t<td class=\"column-1\"><p>Quer zur Flussrichtung wird eine Mikrowellen-Frequenz ausgestrahlt. Abh\u00e4ngig von der Produktmenge wird das Signal mehr oder weniger reduziert und verursacht eine Ver\u00e4nderung. Diese Ver\u00e4nderungen werden, gemeinsam mit der gemessenen Geschwindigkeit, vom Sensor ausgewertet.<\/p><\/td><td class=\"column-2\"><img data-recalc-dims=\"1\" loading=\"lazy\" decoding=\"async\" src=\"https:\/\/i0.wp.com\/www.emwea.de\/img\/solids-flow-meter-measuring-principle.png?resize=350%2C150&#038;ssl=1\"  alt=\"Solids Flow Measuring Principle\" width=\"350\" height=\"150\" \/><\/td>\n<\/tr>\n<\/tbody>\n<\/table>\n<!-- #tablepress-7 from cache -->\n","protected":false},"excerpt":{"rendered":"<p>Solids flow detectors | Solids flow indicators | Solids flow meters Solids flow detectors detect whether bulk materials are moving or not. A slids flow indicator also determines a flow trend. Solids flow meters record the flow rate in the pipe or in free-fall applications. EmWeA solids flow detectors and meters use the latest technology [&hellip;]<\/p>\n","protected":false},"author":2,"featured_media":0,"parent":4185,"menu_order":3,"comment_status":"open","ping_status":"open","template":"","meta":{"ngg_post_thumbnail":0,"footnotes":""},"class_list":["post-4214","page","type-page","status-publish","hentry"],"yoast_head":"<!-- This site is optimized with the Yoast SEO plugin v27.5 - https:\/\/yoast.com\/product\/yoast-seo-wordpress\/ -->\n<title>Solids flow measurement &#8226; EmWeA<\/title>\n<meta name=\"description\" content=\"Solids flow detectors record whether bulk materials are moving or not. Solids flow meters measure the throughput rate.\" \/>\n<meta name=\"robots\" content=\"index, follow, max-snippet:-1, max-image-preview:large, max-video-preview:-1\" \/>\n<link rel=\"canonical\" href=\"https:\/\/www.emwea.de\/en\/products\/bulk-flow-measurement\" \/>\n<meta property=\"og:locale\" content=\"en_US\" \/>\n<meta property=\"og:type\" content=\"article\" \/>\n<meta property=\"og:title\" content=\"Solids flow measurement &#8226; EmWeA\" \/>\n<meta property=\"og:description\" content=\"Solids flow detectors record whether bulk materials are moving or not. Solids flow meters measure the throughput rate.\" \/>\n<meta property=\"og:url\" content=\"https:\/\/www.emwea.de\/en\/products\/bulk-flow-measurement\" \/>\n<meta property=\"og:site_name\" content=\"EmWeA\" \/>\n<meta property=\"article:modified_time\" content=\"2025-05-29T13:26:45+00:00\" \/>\n<meta property=\"og:image\" content=\"https:\/\/www.emwea.de\/img\/solids-flow-detector-flow-no-flow-20250529.jpg\" \/>\n<meta name=\"twitter:label1\" content=\"Est. reading time\" \/>\n\t<meta name=\"twitter:data1\" content=\"1 minute\" \/>\n<script type=\"application\/ld+json\" class=\"yoast-schema-graph\">{\"@context\":\"https:\\\/\\\/schema.org\",\"@graph\":[{\"@type\":\"WebPage\",\"@id\":\"https:\\\/\\\/www.emwea.de\\\/en\\\/products\\\/bulk-flow-measurement\",\"url\":\"https:\\\/\\\/www.emwea.de\\\/en\\\/products\\\/bulk-flow-measurement\",\"name\":\"Solids flow measurement &#8226; EmWeA\",\"isPartOf\":{\"@id\":\"https:\\\/\\\/www.emwea.de\\\/en#website\"},\"primaryImageOfPage\":{\"@id\":\"https:\\\/\\\/www.emwea.de\\\/en\\\/products\\\/bulk-flow-measurement#primaryimage\"},\"image\":{\"@id\":\"https:\\\/\\\/www.emwea.de\\\/en\\\/products\\\/bulk-flow-measurement#primaryimage\"},\"thumbnailUrl\":\"https:\\\/\\\/www.emwea.de\\\/img\\\/solids-flow-detector-flow-no-flow-20250529.jpg\",\"datePublished\":\"2015-01-27T19:43:35+00:00\",\"dateModified\":\"2025-05-29T13:26:45+00:00\",\"description\":\"Solids flow detectors record whether bulk materials are moving or not. Solids flow meters measure the throughput rate.\",\"breadcrumb\":{\"@id\":\"https:\\\/\\\/www.emwea.de\\\/en\\\/products\\\/bulk-flow-measurement#breadcrumb\"},\"inLanguage\":\"en-US\",\"potentialAction\":[{\"@type\":\"ReadAction\",\"target\":[\"https:\\\/\\\/www.emwea.de\\\/en\\\/products\\\/bulk-flow-measurement\"]}]},{\"@type\":\"ImageObject\",\"inLanguage\":\"en-US\",\"@id\":\"https:\\\/\\\/www.emwea.de\\\/en\\\/products\\\/bulk-flow-measurement#primaryimage\",\"url\":\"https:\\\/\\\/www.emwea.de\\\/img\\\/solids-flow-detector-flow-no-flow-20250529.jpg\",\"contentUrl\":\"https:\\\/\\\/www.emwea.de\\\/img\\\/solids-flow-detector-flow-no-flow-20250529.jpg\"},{\"@type\":\"BreadcrumbList\",\"@id\":\"https:\\\/\\\/www.emwea.de\\\/en\\\/products\\\/bulk-flow-measurement#breadcrumb\",\"itemListElement\":[{\"@type\":\"ListItem\",\"position\":1,\"name\":\"Home\",\"item\":\"https:\\\/\\\/www.emwea.de\\\/en\\\/measurement-technology-from-emwea-we-love-sensors\"},{\"@type\":\"ListItem\",\"position\":2,\"name\":\"Products\",\"item\":\"https:\\\/\\\/www.emwea.de\\\/en\\\/products\"},{\"@type\":\"ListItem\",\"position\":3,\"name\":\"Solids flow measurement\"}]},{\"@type\":\"WebSite\",\"@id\":\"https:\\\/\\\/www.emwea.de\\\/en#website\",\"url\":\"https:\\\/\\\/www.emwea.de\\\/en\",\"name\":\"EmWeA\",\"description\":\"We love sensors.\",\"publisher\":{\"@id\":\"https:\\\/\\\/www.emwea.de\\\/en#organization\"},\"potentialAction\":[{\"@type\":\"SearchAction\",\"target\":{\"@type\":\"EntryPoint\",\"urlTemplate\":\"https:\\\/\\\/www.emwea.de\\\/en?s={search_term_string}\"},\"query-input\":{\"@type\":\"PropertyValueSpecification\",\"valueRequired\":true,\"valueName\":\"search_term_string\"}}],\"inLanguage\":\"en-US\"},{\"@type\":\"Organization\",\"@id\":\"https:\\\/\\\/www.emwea.de\\\/en#organization\",\"name\":\"EmWeA Prozessmesstechnik e.K.\",\"alternateName\":\"EmWeA\",\"url\":\"https:\\\/\\\/www.emwea.de\\\/en\",\"logo\":{\"@type\":\"ImageObject\",\"inLanguage\":\"en-US\",\"@id\":\"https:\\\/\\\/www.emwea.de\\\/en#\\\/schema\\\/logo\\\/image\\\/\",\"url\":\"https:\\\/\\\/i0.wp.com\\\/www.emwea.de\\\/wp-content\\\/uploads\\\/emwea-logo-1.png?fit=6189%2C2180&ssl=1\",\"contentUrl\":\"https:\\\/\\\/i0.wp.com\\\/www.emwea.de\\\/wp-content\\\/uploads\\\/emwea-logo-1.png?fit=6189%2C2180&ssl=1\",\"width\":6189,\"height\":2180,\"caption\":\"EmWeA Prozessmesstechnik e.K.\"},\"image\":{\"@id\":\"https:\\\/\\\/www.emwea.de\\\/en#\\\/schema\\\/logo\\\/image\\\/\"}}]}<\/script>\n<!-- \/ Yoast SEO plugin. -->","yoast_head_json":{"title":"Solids flow measurement &#8226; EmWeA","description":"Solids flow detectors record whether bulk materials are moving or not. Solids flow meters measure the throughput rate.","robots":{"index":"index","follow":"follow","max-snippet":"max-snippet:-1","max-image-preview":"max-image-preview:large","max-video-preview":"max-video-preview:-1"},"canonical":"https:\/\/www.emwea.de\/en\/products\/bulk-flow-measurement","og_locale":"en_US","og_type":"article","og_title":"Solids flow measurement &#8226; EmWeA","og_description":"Solids flow detectors record whether bulk materials are moving or not. Solids flow meters measure the throughput rate.","og_url":"https:\/\/www.emwea.de\/en\/products\/bulk-flow-measurement","og_site_name":"EmWeA","article_modified_time":"2025-05-29T13:26:45+00:00","og_image":[{"url":"https:\/\/www.emwea.de\/img\/solids-flow-detector-flow-no-flow-20250529.jpg","type":"","width":"","height":""}],"twitter_misc":{"Est. reading time":"1 minute"},"schema":{"@context":"https:\/\/schema.org","@graph":[{"@type":"WebPage","@id":"https:\/\/www.emwea.de\/en\/products\/bulk-flow-measurement","url":"https:\/\/www.emwea.de\/en\/products\/bulk-flow-measurement","name":"Solids flow measurement &#8226; EmWeA","isPartOf":{"@id":"https:\/\/www.emwea.de\/en#website"},"primaryImageOfPage":{"@id":"https:\/\/www.emwea.de\/en\/products\/bulk-flow-measurement#primaryimage"},"image":{"@id":"https:\/\/www.emwea.de\/en\/products\/bulk-flow-measurement#primaryimage"},"thumbnailUrl":"https:\/\/www.emwea.de\/img\/solids-flow-detector-flow-no-flow-20250529.jpg","datePublished":"2015-01-27T19:43:35+00:00","dateModified":"2025-05-29T13:26:45+00:00","description":"Solids flow detectors record whether bulk materials are moving or not. Solids flow meters measure the throughput rate.","breadcrumb":{"@id":"https:\/\/www.emwea.de\/en\/products\/bulk-flow-measurement#breadcrumb"},"inLanguage":"en-US","potentialAction":[{"@type":"ReadAction","target":["https:\/\/www.emwea.de\/en\/products\/bulk-flow-measurement"]}]},{"@type":"ImageObject","inLanguage":"en-US","@id":"https:\/\/www.emwea.de\/en\/products\/bulk-flow-measurement#primaryimage","url":"https:\/\/www.emwea.de\/img\/solids-flow-detector-flow-no-flow-20250529.jpg","contentUrl":"https:\/\/www.emwea.de\/img\/solids-flow-detector-flow-no-flow-20250529.jpg"},{"@type":"BreadcrumbList","@id":"https:\/\/www.emwea.de\/en\/products\/bulk-flow-measurement#breadcrumb","itemListElement":[{"@type":"ListItem","position":1,"name":"Home","item":"https:\/\/www.emwea.de\/en\/measurement-technology-from-emwea-we-love-sensors"},{"@type":"ListItem","position":2,"name":"Products","item":"https:\/\/www.emwea.de\/en\/products"},{"@type":"ListItem","position":3,"name":"Solids flow measurement"}]},{"@type":"WebSite","@id":"https:\/\/www.emwea.de\/en#website","url":"https:\/\/www.emwea.de\/en","name":"EmWeA","description":"We love sensors.","publisher":{"@id":"https:\/\/www.emwea.de\/en#organization"},"potentialAction":[{"@type":"SearchAction","target":{"@type":"EntryPoint","urlTemplate":"https:\/\/www.emwea.de\/en?s={search_term_string}"},"query-input":{"@type":"PropertyValueSpecification","valueRequired":true,"valueName":"search_term_string"}}],"inLanguage":"en-US"},{"@type":"Organization","@id":"https:\/\/www.emwea.de\/en#organization","name":"EmWeA Prozessmesstechnik e.K.","alternateName":"EmWeA","url":"https:\/\/www.emwea.de\/en","logo":{"@type":"ImageObject","inLanguage":"en-US","@id":"https:\/\/www.emwea.de\/en#\/schema\/logo\/image\/","url":"https:\/\/i0.wp.com\/www.emwea.de\/wp-content\/uploads\/emwea-logo-1.png?fit=6189%2C2180&ssl=1","contentUrl":"https:\/\/i0.wp.com\/www.emwea.de\/wp-content\/uploads\/emwea-logo-1.png?fit=6189%2C2180&ssl=1","width":6189,"height":2180,"caption":"EmWeA Prozessmesstechnik e.K."},"image":{"@id":"https:\/\/www.emwea.de\/en#\/schema\/logo\/image\/"}}]}},"jetpack_sharing_enabled":true,"_links":{"self":[{"href":"https:\/\/www.emwea.de\/en\/wp-json\/wp\/v2\/pages\/4214","targetHints":{"allow":["GET"]}}],"collection":[{"href":"https:\/\/www.emwea.de\/en\/wp-json\/wp\/v2\/pages"}],"about":[{"href":"https:\/\/www.emwea.de\/en\/wp-json\/wp\/v2\/types\/page"}],"author":[{"embeddable":true,"href":"https:\/\/www.emwea.de\/en\/wp-json\/wp\/v2\/users\/2"}],"replies":[{"embeddable":true,"href":"https:\/\/www.emwea.de\/en\/wp-json\/wp\/v2\/comments?post=4214"}],"version-history":[{"count":5,"href":"https:\/\/www.emwea.de\/en\/wp-json\/wp\/v2\/pages\/4214\/revisions"}],"predecessor-version":[{"id":4670,"href":"https:\/\/www.emwea.de\/en\/wp-json\/wp\/v2\/pages\/4214\/revisions\/4670"}],"up":[{"embeddable":true,"href":"https:\/\/www.emwea.de\/en\/wp-json\/wp\/v2\/pages\/4185"}],"wp:attachment":[{"href":"https:\/\/www.emwea.de\/en\/wp-json\/wp\/v2\/media?parent=4214"}],"curies":[{"name":"wp","href":"https:\/\/api.w.org\/{rel}","templated":true}]}}